{"id":1347,"date":"2020-11-04T08:00:03","date_gmt":"2020-11-04T07:00:03","guid":{"rendered":"https:\/\/fachplanungfischer.com\/kontakt\/"},"modified":"2021-08-27T10:09:48","modified_gmt":"2021-08-27T08:09:48","slug":"%d0%ba%d0%be%d0%bd%d1%82%d0%b0%d0%ba%d1%82","status":"publish","type":"page","link":"https:\/\/fachplanungfischer.com\/ru\/%d0%ba%d0%be%d0%bd%d1%82%d0%b0%d0%ba%d1%82\/","title":{"rendered":"\u043a\u043e\u043d\u0442\u0430\u043a\u0442"},"content":{"rendered":"\n\n\n[et_pb_section fb_built=&#187;1&#8243; fullwidth=&#187;on&#187; _builder_version=&#187;4.3.2&#8243;][et_pb_fullwidth_slider module_class=&#187;es-slider&#187; _builder_version=&#187;4.9.2&#8243;][et_pb_slide _builder_version=&#187;4.9.2&#8243; body_font_size=&#187;3.5vw&#187; background_color=&#187;rgba(0,0,0,0)&#187; background_enable_color=&#187;on&#187; background_image=&#187;https:\/\/fachplanungfischer.com\/wp-content\/uploads\/2020\/11\/theke-dreischeibenhaus-duesseldorf.jpg&#187; background_enable_image=&#187;on&#187; sticky_transition=&#187;on&#187;]<span>\u041c\u044b \u0441 \u043d\u0435\u0442\u0435\u0440\u043f\u0435\u043d\u0438\u0435\u043c \u0436\u0434\u0435\u043c \u0432\u0441\u0442\u0440\u0435\u0447\u0438 \u0441 \u0432\u0430\u043c\u0438 \u0431\u0435\u0437 \u043a\u0430\u043a\u0438\u0445-\u043b\u0438\u0431\u043e \u043e\u0431\u044f\u0437\u0430\u0442\u0435\u043b\u044c\u0441\u0442\u0432 \u0447\u0442\u043e\u0431\u044b \u0443\u0437\u043d\u0430\u0442\u044c<\/span> [\/et_pb_slide][\/et_pb_fullwidth_slider][\/et_pb_section][et_pb_section fb_built=&#187;1&#8243; admin_label=&#187;Contact Section&#187; _builder_version=&#187;3.22&#8243; custom_padding=&#187;90px||3px|||&#187;][et_pb_row column_structure=&#187;1_3,2_3&#8243; admin_label=&#187;Contact Area&#187; _builder_version=&#187;3.25&#8243;][et_pb_column type=&#187;1_3&#8243; _builder_version=&#187;3.25&#8243; custom_padding=&#187;|||&#187; custom_padding__hover=&#187;|||&#187;][et_pb_text admin_label=&#187;Title&#187; _builder_version=&#187;4.9.2&#8243; text_font=&#187;||||||||&#187; header_font=&#187;||||||||&#187; header_2_font=&#187;Lato||||||||&#187; header_2_font_size=&#187;36px&#187; custom_padding=&#187;|||&#187; animation_style=&#187;fold&#187; animation_direction=&#187;left&#187; animation_intensity_fold=&#187;20%&#187; animation_starting_opacity=&#187;100%&#187; locked=&#187;off&#187;]<h2>\u0421\u0432\u044f\u0437\u0430\u0442\u044c\u0441\u044f \u0441 \u043d\u0430\u043c\u0438<\/h2>[\/et_pb_text][et_pb_text _builder_version=&#187;4.3.2&#8243; text_font_size=&#187;16px&#187;]<p>Alfred Fischer\nB\u00fcro f\u00fcr Fachplanung\nBl\u00fccherstrasse 90\n86165 Augsburg\n\nTelefon:   <a href=\"tel:+49821719599\" style =\"color:#0c71c3;\" > <strong> 0821-719599 <\/strong>  <\/a>\nTelefax:  <a href=\"tel:+49821-793938\" style =\"color:#0c71c3;\" > <strong> 0821-793938<\/strong>  <\/a>\nE-Mail:   <a href=\"mailto:info@fachplanung-fischer.de\" style =\"color:#0c71c3;\" > <strong>info@fachplanung-fischer.de <\/strong><\/p> <\/a>[\/et_pb_text][\/et_pb_column][et_pb_column type=&#187;2_3&#8243; _builder_version=&#187;3.25&#8243; custom_padding=&#187;|||&#187; custom_padding__hover=&#187;|||&#187;][et_pb_code _builder_version=&#187;4.9.2&#8243; hover_enabled=&#187;0&#8243; sticky_enabled=&#187;0&#8243;]\n<div class=\"wpcf7 no-js\" id=\"wpcf7-f1466-o1\" lang=\"ru-RU\" dir=\"ltr\">\n<div class=\"screen-reader-response\"><p role=\"status\" aria-live=\"polite\" aria-atomic=\"true\"><\/p> <ul><\/ul><\/div>\n<form action=\"\/ru\/wp-json\/wp\/v2\/pages\/1347#wpcf7-f1466-o1\" method=\"post\" class=\"wpcf7-form init\" aria-label=\"\u041a\u043e\u043d\u0442\u0430\u043a\u0442\u043d\u0430\u044f \u0444\u043e\u0440\u043c\u0430\" novalidate=\"novalidate\" data-status=\"init\">\n<div style=\"display: none;\">\n<input type=\"hidden\" name=\"_wpcf7\" value=\"1466\" \/>\n<input type=\"hidden\" name=\"_wpcf7_version\" value=\"5.9.3\" \/>\n<input type=\"hidden\" name=\"_wpcf7_locale\" value=\"ru_RU\" \/>\n<input type=\"hidden\" name=\"_wpcf7_unit_tag\" value=\"wpcf7-f1466-o1\" \/>\n<input type=\"hidden\" name=\"_wpcf7_container_post\" value=\"0\" \/>\n<input type=\"hidden\" name=\"_wpcf7_posted_data_hash\" value=\"\" \/>\n<\/div>\n<div class = \"w3-container\">\n\t<div class = \"w3-row\">\n\t\t<div class =\"w3-col w3-half\">\n\t\t\t<p><span class=\"wpcf7-form-control-wrap\" data-name=\"your-firstname\"><input size=\"40\" class=\"wpcf7-form-control wpcf7-text wpcf7-validates-as-required con-input\" aria-required=\"true\" aria-invalid=\"false\" placeholder=\"\u0418\u043c\u044f*\" value=\"\" type=\"text\" name=\"your-firstname\" \/><\/span>\n\t\t\t<\/p>\n\t\t<\/div>\n\t\t<div class =\"w3-col w3-half\">\n\t\t\t<p><span class=\"wpcf7-form-control-wrap\" data-name=\"your-Lastname\"><input size=\"40\" class=\"wpcf7-form-control wpcf7-text wpcf7-validates-as-required con-input\" aria-required=\"true\" aria-invalid=\"false\" placeholder=\"\u0424\u0430\u043c\u0438\u043b\u0438\u044f*\" value=\"\" type=\"text\" name=\"your-Lastname\" \/><\/span>\n\t\t\t<\/p>\n\t\t<\/div>\n\t<\/div>\n\t<div class = \"w3-row\">\n\t\t<div class =\"w3-col w3-half\">\n\t\t\t<p><span class=\"wpcf7-form-control-wrap\" data-name=\"your-email\"><input size=\"40\" class=\"wpcf7-form-control wpcf7-email wpcf7-validates-as-required wpcf7-text wpcf7-validates-as-email con-input\" aria-required=\"true\" aria-invalid=\"false\" placeholder=\"\u0410\u0434\u0440\u0435\u0441 \u044d\u043b\u0435\u043a\u0442\u0440\u043e\u043d\u043d\u043e\u0439 \u043f\u043e\u0447\u0442\u044b*\" value=\"\" type=\"email\" name=\"your-email\" \/><\/span>\n\t\t\t<\/p>\n\t\t<\/div>\n\t\t<div class =\"w3-col w3-half\">\n\t\t\t<p><span class=\"wpcf7-form-control-wrap\" data-name=\"your-interest\"><input size=\"40\" class=\"wpcf7-form-control wpcf7-text con-input\" aria-invalid=\"false\" placeholder=\"\u042f \u0438\u043d\u0442\u0435\u0440\u0435\u0441\u0443\u044e\u0441\u044c\" value=\"\" type=\"text\" name=\"your-interest\" \/><\/span>\n\t\t\t<\/p>\n\t\t<\/div>\n\t<\/div>\n\t<div class = \"w3-row\">\n\t\t<div class =\"w3-col\">\n\t\t\t<p><span class=\"wpcf7-form-control-wrap\" data-name=\"your-message\"><textarea cols=\"40\" rows=\"10\" class=\"wpcf7-form-control wpcf7-textarea con-input\" aria-invalid=\"false\" placeholder=\"\u0441\u043e\u043e\u0431\u0449\u0435\u043d\u0438\u0435\" name=\"your-message\"><\/textarea><\/span>\n\t\t\t<\/p>\n\t\t<\/div>\n\t<\/div>\n\t<div class = \"w3-row\">\n\t\t<div class =\"et_contact_quiz-con\">\n\t\t\t<p><label> <input type=\"hidden\" name=\"_wpcf7_captcha_challenge_captcha-778\" value=\"2870023668\" \/><img loading=\"lazy\" decoding=\"async\" class=\"wpcf7-form-control wpcf7-captchac wpcf7-captcha-captcha-778 con-input-quiz\" width=\"60\" height=\"20\" alt=\"captcha\" src=\"https:\/\/fachplanungfischer.com\/wp-content\/uploads\/wpcf7_captcha\/2870023668.png\" \/><br \/>\n<span class=\"wpcf7-form-control-wrap\" data-name=\"captcha-778\"><input size=\"4\" maxlength=\"4\" class=\"wpcf7-form-control wpcf7-captchar\" autocomplete=\"off\" aria-invalid=\"false\" value=\"\" type=\"text\" name=\"captcha-778\" \/><\/span> <\/label>\n\t\t\t<\/p>\n\t\t<\/div>\n\t<\/div>\n\t<div class = \"w3-row\">\n\t\t<div class =\" et_contact_bottom-con \">\n\t\t\t<p><input class=\"wpcf7-form-control wpcf7-submit has-spinner con-button\" type=\"submit\" value=\"\u041e\u0442\u043f\u0440\u0430\u0432\u0438\u0442\u044c \u0441\u043e\u043e\u0431\u0449\u0435\u043d\u0438\u0435\" \/>\n\t\t\t<\/p>\n\t\t<\/div>\n\t<\/div>\n<\/div><div class=\"wpcf7-response-output\" aria-hidden=\"true\"><\/div>\n<\/form>\n<\/div>\n[\/et_pb_code][\/et_pb_column][\/et_pb_row][\/et_pb_section]\n\n\n","protected":false},"excerpt":{"rendered":"<p>\u041c\u044b \u0441 \u043d\u0435\u0442\u0435\u0440\u043f\u0435\u043d\u0438\u0435\u043c \u0436\u0434\u0435\u043c \u0432\u0441\u0442\u0440\u0435\u0447\u0438 \u0441 \u0432\u0430\u043c\u0438 \u0431\u0435\u0437 \u043a\u0430\u043a\u0438\u0445-\u043b\u0438\u0431\u043e \u043e\u0431\u044f\u0437\u0430\u0442\u0435\u043b\u044c\u0441\u0442\u0432 \u0447\u0442\u043e\u0431\u044b \u0443\u0437\u043d\u0430\u0442\u044c \u0421\u0432\u044f\u0437\u0430\u0442\u044c\u0441\u044f \u0441 \u043d\u0430\u043c\u0438Alfred Fischer B\u00fcro f\u00fcr Fachplanung Bl\u00fccherstrasse 90 86165 Augsburg Telefon: 0821-719599 Telefax: 0821-793938 E-Mail: info@fachplanung-fischer.de \n<div class=\"wpcf7 no-js\" id=\"wpcf7-f1466-o2\" lang=\"ru-RU\" dir=\"ltr\">\n<div class=\"screen-reader-response\"><p role=\"status\" aria-live=\"polite\" aria-atomic=\"true\"><\/p> <ul><\/ul><\/div>\n<form action=\"\/ru\/wp-json\/wp\/v2\/pages\/1347#wpcf7-f1466-o2\" method=\"post\" class=\"wpcf7-form init\" aria-label=\"\u041a\u043e\u043d\u0442\u0430\u043a\u0442\u043d\u0430\u044f \u0444\u043e\u0440\u043c\u0430\" novalidate=\"novalidate\" data-status=\"init\">\n<div style=\"display: none;\">\n<input type=\"hidden\" name=\"_wpcf7\" value=\"1466\" \/>\n<input type=\"hidden\" name=\"_wpcf7_version\" value=\"5.9.3\" \/>\n<input type=\"hidden\" name=\"_wpcf7_locale\" value=\"ru_RU\" \/>\n<input type=\"hidden\" name=\"_wpcf7_unit_tag\" value=\"wpcf7-f1466-o2\" \/>\n<input type=\"hidden\" name=\"_wpcf7_container_post\" value=\"0\" \/>\n<input type=\"hidden\" name=\"_wpcf7_posted_data_hash\" value=\"\" \/>\n<\/div>\n<div class = \"w3-container\">\n\t<div class = \"w3-row\">\n\t\t<div class =\"w3-col w3-half\">\n\t\t\t<p><span class=\"wpcf7-form-control-wrap\" data-name=\"your-firstname\"><input size=\"40\" class=\"wpcf7-form-control wpcf7-text wpcf7-validates-as-required con-input\" aria-required=\"true\" aria-invalid=\"false\" placeholder=\"\u0418\u043c\u044f*\" value=\"\" type=\"text\" name=\"your-firstname\" \/><\/span>\n\t\t\t<\/p>\n\t\t<\/div>\n\t\t<div class =\"w3-col w3-half\">\n\t\t\t<p><span class=\"wpcf7-form-control-wrap\" data-name=\"your-Lastname\"><input size=\"40\" class=\"wpcf7-form-control wpcf7-text wpcf7-validates-as-required con-input\" aria-required=\"true\" aria-invalid=\"false\" placeholder=\"\u0424\u0430\u043c\u0438\u043b\u0438\u044f*\" value=\"\" type=\"text\" name=\"your-Lastname\" \/><\/span>\n\t\t\t<\/p>\n\t\t<\/div>\n\t<\/div>\n\t<div class = \"w3-row\">\n\t\t<div class =\"w3-col w3-half\">\n\t\t\t<p><span class=\"wpcf7-form-control-wrap\" data-name=\"your-email\"><input size=\"40\" class=\"wpcf7-form-control wpcf7-email wpcf7-validates-as-required wpcf7-text wpcf7-validates-as-email con-input\" aria-required=\"true\" aria-invalid=\"false\" placeholder=\"\u0410\u0434\u0440\u0435\u0441 \u044d\u043b\u0435\u043a\u0442\u0440\u043e\u043d\u043d\u043e\u0439 \u043f\u043e\u0447\u0442\u044b*\" value=\"\" type=\"email\" name=\"your-email\" \/><\/span>\n\t\t\t<\/p>\n\t\t<\/div>\n\t\t<div class =\"w3-col w3-half\">\n\t\t\t<p><span class=\"wpcf7-form-control-wrap\" data-name=\"your-interest\"><input size=\"40\" class=\"wpcf7-form-control wpcf7-text con-input\" aria-invalid=\"false\" placeholder=\"\u042f \u0438\u043d\u0442\u0435\u0440\u0435\u0441\u0443\u044e\u0441\u044c\" value=\"\" type=\"text\" name=\"your-interest\" \/><\/span>\n\t\t\t<\/p>\n\t\t<\/div>\n\t<\/div>\n\t<div class = \"w3-row\">\n\t\t<div class =\"w3-col\">\n\t\t\t<p><span class=\"wpcf7-form-control-wrap\" data-name=\"your-message\"><textarea cols=\"40\" rows=\"10\" class=\"wpcf7-form-control wpcf7-textarea con-input\" aria-invalid=\"false\" placeholder=\"\u0441\u043e\u043e\u0431\u0449\u0435\u043d\u0438\u0435\" name=\"your-message\"><\/textarea><\/span>\n\t\t\t<\/p>\n\t\t<\/div>\n\t<\/div>\n\t<div class = \"w3-row\">\n\t\t<div class =\"et_contact_quiz-con\">\n\t\t\t<p><label> <input type=\"hidden\" name=\"_wpcf7_captcha_challenge_captcha-778\" value=\"1413179415\" \/><img loading=\"lazy\" decoding=\"async\" class=\"wpcf7-form-control wpcf7-captchac wpcf7-captcha-captcha-778 con-input-quiz\" width=\"60\" height=\"20\" alt=\"captcha\" src=\"https:\/\/fachplanungfischer.com\/wp-content\/uploads\/wpcf7_captcha\/1413179415.png\" \/><br \/>\n<span class=\"wpcf7-form-control-wrap\" data-name=\"captcha-778\"><input size=\"4\" maxlength=\"4\" class=\"wpcf7-form-control wpcf7-captchar\" autocomplete=\"off\" aria-invalid=\"false\" value=\"\" type=\"text\" name=\"captcha-778\" \/><\/span> <\/label>\n\t\t\t<\/p>\n\t\t<\/div>\n\t<\/div>\n\t<div class = \"w3-row\">\n\t\t<div class =\" et_contact_bottom-con \">\n\t\t\t<p><input class=\"wpcf7-form-control wpcf7-submit has-spinner con-button\" type=\"submit\" value=\"\u041e\u0442\u043f\u0440\u0430\u0432\u0438\u0442\u044c \u0441\u043e\u043e\u0431\u0449\u0435\u043d\u0438\u0435\" \/>\n\t\t\t<\/p>\n\t\t<\/div>\n\t<\/div>\n<\/div><div class=\"wpcf7-response-output\" aria-hidden=\"true\"><\/div>\n<\/form>\n<\/div>\n<\/p>\n","protected":false},"author":1,"featured_media":0,"parent":0,"menu_order":0,"comment_status":"closed","ping_status":"closed","template":"","meta":{"_et_pb_use_builder":"on","_et_pb_old_content":"<!-- wp:divi\/placeholder \/-->","_et_gb_content_width":"","footnotes":""},"yoast_head":"<!-- This site is optimized with the Yoast SEO plugin v22.5 - https:\/\/yoast.com\/wordpress\/plugins\/seo\/ -->\n<title>\u043a\u043e\u043d\u0442\u0430\u043a\u0442 - Fachplanung Fischer<\/title>\n<meta name=\"robots\" content=\"noindex, follow\" \/>\n<meta property=\"og:locale\" content=\"ru_RU\" \/>\n<meta property=\"og:type\" content=\"article\" \/>\n<meta property=\"og:title\" content=\"\u043a\u043e\u043d\u0442\u0430\u043a\u0442 - Fachplanung Fischer\" \/>\n<meta property=\"og:description\" content=\"\u041c\u044b \u0441 \u043d\u0435\u0442\u0435\u0440\u043f\u0435\u043d\u0438\u0435\u043c \u0436\u0434\u0435\u043c \u0432\u0441\u0442\u0440\u0435\u0447\u0438 \u0441 \u0432\u0430\u043c\u0438 \u0431\u0435\u0437 \u043a\u0430\u043a\u0438\u0445-\u043b\u0438\u0431\u043e \u043e\u0431\u044f\u0437\u0430\u0442\u0435\u043b\u044c\u0441\u0442\u0432 \u0447\u0442\u043e\u0431\u044b \u0443\u0437\u043d\u0430\u0442\u044c \u0421\u0432\u044f\u0437\u0430\u0442\u044c\u0441\u044f \u0441 \u043d\u0430\u043c\u0438Alfred Fischer B\u00fcro f\u00fcr Fachplanung Bl\u00fccherstrasse 90 86165 Augsburg Telefon: 0821-719599 Telefax: 0821-793938 E-Mail: info@fachplanung-fischer.de\" \/>\n<meta property=\"og:url\" content=\"https:\/\/fachplanungfischer.com\/ru\/\u043a\u043e\u043d\u0442\u0430\u043a\u0442\" \/>\n<meta property=\"og:site_name\" content=\"Fachplanung Fischer\" \/>\n<meta property=\"article:modified_time\" content=\"2021-08-27T08:09:48+00:00\" \/>\n<meta name=\"twitter:card\" content=\"summary_large_image\" \/>\n<meta name=\"twitter:label1\" content=\"\u041f\u0440\u0438\u043c\u0435\u0440\u043d\u043e\u0435 \u0432\u0440\u0435\u043c\u044f \u0434\u043b\u044f \u0447\u0442\u0435\u043d\u0438\u044f\" \/>\n\t<meta name=\"twitter:data1\" content=\"1 \u043c\u0438\u043d\u0443\u0442\u0430\" \/>\n<script type=\"application\/ld+json\" class=\"yoast-schema-graph\">{\"@context\":\"https:\/\/schema.org\",\"@graph\":[{\"@type\":\"WebPage\",\"@id\":\"https:\/\/fachplanungfischer.com\/kontakt\/\",\"url\":\"https:\/\/fachplanungfischer.com\/ru\/%d0%ba%d0%be%d0%bd%d1%82%d0%b0%d0%ba%d1%82\",\"name\":\"\u043a\u043e\u043d\u0442\u0430\u043a\u0442 - Fachplanung Fischer\",\"isPartOf\":{\"@id\":\"https:\/\/fachplanungfischer.com\/#website\"},\"datePublished\":\"2020-11-04T07:00:03+00:00\",\"dateModified\":\"2021-08-27T08:09:48+00:00\",\"inLanguage\":\"ru-RU\",\"potentialAction\":[{\"@type\":\"ReadAction\",\"target\":[\"https:\/\/fachplanungfischer.com\/ru\/%d0%ba%d0%be%d0%bd%d1%82%d0%b0%d0%ba%d1%82\"]}]},{\"@type\":\"WebSite\",\"@id\":\"https:\/\/fachplanungfischer.com\/#website\",\"url\":\"https:\/\/fachplanungfischer.com\/\",\"name\":\"Fachplanung Fischer\",\"description\":\"\",\"potentialAction\":[{\"@type\":\"SearchAction\",\"target\":{\"@type\":\"EntryPoint\",\"urlTemplate\":\"https:\/\/fachplanungfischer.com\/?s={search_term_string}\"},\"query-input\":\"required name=search_term_string\"}],\"inLanguage\":\"ru-RU\"}]}<\/script>\n<!-- \/ Yoast SEO plugin. -->","yoast_head_json":{"title":"\u043a\u043e\u043d\u0442\u0430\u043a\u0442 - Fachplanung Fischer","robots":{"index":"noindex","follow":"follow"},"og_locale":"ru_RU","og_type":"article","og_title":"\u043a\u043e\u043d\u0442\u0430\u043a\u0442 - Fachplanung Fischer","og_description":"\u041c\u044b \u0441 \u043d\u0435\u0442\u0435\u0440\u043f\u0435\u043d\u0438\u0435\u043c \u0436\u0434\u0435\u043c \u0432\u0441\u0442\u0440\u0435\u0447\u0438 \u0441 \u0432\u0430\u043c\u0438 \u0431\u0435\u0437 \u043a\u0430\u043a\u0438\u0445-\u043b\u0438\u0431\u043e \u043e\u0431\u044f\u0437\u0430\u0442\u0435\u043b\u044c\u0441\u0442\u0432 \u0447\u0442\u043e\u0431\u044b \u0443\u0437\u043d\u0430\u0442\u044c \u0421\u0432\u044f\u0437\u0430\u0442\u044c\u0441\u044f \u0441 \u043d\u0430\u043c\u0438Alfred Fischer B\u00fcro f\u00fcr Fachplanung Bl\u00fccherstrasse 90 86165 Augsburg Telefon: 0821-719599 Telefax: 0821-793938 E-Mail: info@fachplanung-fischer.de","og_url":"https:\/\/fachplanungfischer.com\/ru\/\u043a\u043e\u043d\u0442\u0430\u043a\u0442","og_site_name":"Fachplanung Fischer","article_modified_time":"2021-08-27T08:09:48+00:00","twitter_card":"summary_large_image","twitter_misc":{"\u041f\u0440\u0438\u043c\u0435\u0440\u043d\u043e\u0435 \u0432\u0440\u0435\u043c\u044f \u0434\u043b\u044f \u0447\u0442\u0435\u043d\u0438\u044f":"1 \u043c\u0438\u043d\u0443\u0442\u0430"},"schema":{"@context":"https:\/\/schema.org","@graph":[{"@type":"WebPage","@id":"https:\/\/fachplanungfischer.com\/kontakt\/","url":"https:\/\/fachplanungfischer.com\/ru\/%d0%ba%d0%be%d0%bd%d1%82%d0%b0%d0%ba%d1%82","name":"\u043a\u043e\u043d\u0442\u0430\u043a\u0442 - Fachplanung Fischer","isPartOf":{"@id":"https:\/\/fachplanungfischer.com\/#website"},"datePublished":"2020-11-04T07:00:03+00:00","dateModified":"2021-08-27T08:09:48+00:00","inLanguage":"ru-RU","potentialAction":[{"@type":"ReadAction","target":["https:\/\/fachplanungfischer.com\/ru\/%d0%ba%d0%be%d0%bd%d1%82%d0%b0%d0%ba%d1%82"]}]},{"@type":"WebSite","@id":"https:\/\/fachplanungfischer.com\/#website","url":"https:\/\/fachplanungfischer.com\/","name":"Fachplanung Fischer","description":"","potentialAction":[{"@type":"SearchAction","target":{"@type":"EntryPoint","urlTemplate":"https:\/\/fachplanungfischer.com\/?s={search_term_string}"},"query-input":"required name=search_term_string"}],"inLanguage":"ru-RU"}]}},"_links":{"self":[{"href":"https:\/\/fachplanungfischer.com\/ru\/wp-json\/wp\/v2\/pages\/1347"}],"collection":[{"href":"https:\/\/fachplanungfischer.com\/ru\/wp-json\/wp\/v2\/pages"}],"about":[{"href":"https:\/\/fachplanungfischer.com\/ru\/wp-json\/wp\/v2\/types\/page"}],"author":[{"embeddable":true,"href":"https:\/\/fachplanungfischer.com\/ru\/wp-json\/wp\/v2\/users\/1"}],"replies":[{"embeddable":true,"href":"https:\/\/fachplanungfischer.com\/ru\/wp-json\/wp\/v2\/comments?post=1347"}],"version-history":[{"count":5,"href":"https:\/\/fachplanungfischer.com\/ru\/wp-json\/wp\/v2\/pages\/1347\/revisions"}],"predecessor-version":[{"id":1605,"href":"https:\/\/fachplanungfischer.com\/ru\/wp-json\/wp\/v2\/pages\/1347\/revisions\/1605"}],"wp:attachment":[{"href":"https:\/\/fachplanungfischer.com\/ru\/wp-json\/wp\/v2\/media?parent=1347"}],"curies":[{"name":"wp","href":"https:\/\/api.w.org\/{rel}","templated":true}]}}